{"id":4519,"date":"2018-06-04T16:43:05","date_gmt":"2018-06-04T15:43:05","guid":{"rendered":"https:\/\/cargomatic.ev2test.com\/entrepot-a-louer-aux-portes-de-laval-53\/"},"modified":"2024-05-30T13:53:58","modified_gmt":"2024-05-30T12:53:58","slug":"entrepot-a-louer-aux-portes-de-laval-53","status":"publish","type":"page","link":"https:\/\/cargomatic.ev2test.com\/en\/entrepot-a-louer-aux-portes-de-laval-53\/","title":{"rendered":"Entrep\u00f4t \u00e0 louer aux portes de Laval (53)"},"content":{"rendered":"<p><strong>A louer Entrep\u00f4t et Bureaux<br \/>\nAux portes de Laval (53) Emplacement n\u00b01<\/strong><br \/>\n\u00e0 Bonchamp<\/p>\n<p>700 m\u00b2 d\u2019entrep\u00f4t modulable, 11 quais et 1 rampe<br \/>\n200 m\u00b2 de bureaux et 150 m\u00b2 de sous-sol<\/p>\n<p>Disponible \u00e0 partir du 1er juillet 2018<br \/>\n<strong>Renseignements : 06 28 73 66 64<\/strong><br \/>\n<div id=\"metaslider-id-1648\" style=\"width: 100%;\" class=\"ml-slider-3-105-0 metaslider metaslider-flex metaslider-1648 ml-slider has-dots-nav ms-theme-default\" role=\"region\" aria-label=\"Entrep\u00f4t \u00e0 louer\" data-height=\"500\" data-width=\"1000\">\n    <div id=\"metaslider_container_1648\">\n        <div id=\"metaslider_1648\">\n            <ul class='slides'>\n                <li style=\"display: block; width: 100%;\" class=\"slide-1653 ms-image \" aria-roledescription=\"slide\" data-date=\"2018-06-04 15:40:09\" data-filename=\"locaux-a-louer_laval-800x400.jpg\" data-slide-type=\"image\"><img decoding=\"async\" src=\"https:\/\/cargomatic.ev2test.com\/wp-content\/uploads\/2018\/06\/locaux-a-louer_laval-800x400.jpg\" height=\"500\" width=\"1000\" alt=\"\" class=\"slider-1648 slide-1653 msDefaultImage\" title=\"local d&#039;activit\u00e9s a louer_laval\" \/><div class=\"caption-wrap\"><div class=\"caption\"><h3>Aux portes de Laval, \n<br \/>emplacement N\u00b01\n<\/h3><\/div><\/div><\/li>\n                <li style=\"display: none; width: 100%;\" class=\"slide-1649 ms-image \" aria-roledescription=\"slide\" data-date=\"2018-06-04 15:22:30\" data-filename=\"entrepot-antares-800x400.jpg\" data-slide-type=\"image\"><img decoding=\"async\" src=\"https:\/\/cargomatic.ev2test.com\/wp-content\/uploads\/2018\/06\/entrepot-antares-800x400.jpg\" height=\"500\" width=\"1000\" alt=\"\" class=\"slider-1648 slide-1649 msDefaultImage\" title=\"entrepot \u00e0 louer\" \/><div class=\"caption-wrap\"><div class=\"caption\"><h3>11 quais et 1 rampe\n<\/h3><\/div><\/div><\/li>\n                <li style=\"display: none; width: 100%;\" class=\"slide-1650 ms-image \" aria-roledescription=\"slide\" data-date=\"2018-06-04 15:24:45\" data-filename=\"bureaux-antares-800x400.jpg\" data-slide-type=\"image\"><img decoding=\"async\" src=\"https:\/\/cargomatic.ev2test.com\/wp-content\/uploads\/2018\/06\/bureaux-antares-800x400.jpg\" height=\"500\" width=\"1000\" alt=\"\" class=\"slider-1648 slide-1650 msDefaultImage\" title=\"bureaux \u00e0 louer\" \/><div class=\"caption-wrap\"><div class=\"caption\"><h3>Bureaux en tr\u00e8s bon \u00e9tat<\/h3><\/div><\/div><\/li>\n            <\/ul>\n        <\/div>\n        \n    <\/div>\n<\/div><\/p>\n","protected":false},"excerpt":{"rendered":"<p>A louer Entrep\u00f4t et Bureaux Aux portes de Laval (53) Emplacement n\u00b01 \u00e0 Bonchamp 700 m\u00b2 d\u2019entrep\u00f4t modulable, 11 quais et 1 rampe 200 m\u00b2 de bureaux et 150 m\u00b2 de sous-sol Disponible \u00e0 partir du 1er juillet 2018 Renseignements : 06 28 73 66 64<\/p>\n","protected":false},"author":3,"featured_media":4085,"parent":0,"menu_order":0,"comment_status":"closed","ping_status":"closed","template":"","meta":{"_acf_changed":false,"footnotes":""},"class_list":["post-4519","page","type-page","status-publish","has-post-thumbnail","hentry"],"acf":[],"aioseo_notices":[],"_links":{"self":[{"href":"https:\/\/cargomatic.ev2test.com\/en\/wp-json\/wp\/v2\/pages\/4519","targetHints":{"allow":["GET"]}}],"collection":[{"href":"https:\/\/cargomatic.ev2test.com\/en\/wp-json\/wp\/v2\/pages"}],"about":[{"href":"https:\/\/cargomatic.ev2test.com\/en\/wp-json\/wp\/v2\/types\/page"}],"author":[{"embeddable":true,"href":"https:\/\/cargomatic.ev2test.com\/en\/wp-json\/wp\/v2\/users\/3"}],"replies":[{"embeddable":true,"href":"https:\/\/cargomatic.ev2test.com\/en\/wp-json\/wp\/v2\/comments?post=4519"}],"version-history":[{"count":0,"href":"https:\/\/cargomatic.ev2test.com\/en\/wp-json\/wp\/v2\/pages\/4519\/revisions"}],"wp:featuredmedia":[{"embeddable":true,"href":"https:\/\/cargomatic.ev2test.com\/en\/wp-json\/wp\/v2\/media\/4085"}],"wp:attachment":[{"href":"https:\/\/cargomatic.ev2test.com\/en\/wp-json\/wp\/v2\/media?parent=4519"}],"curies":[{"name":"wp","href":"https:\/\/api.w.org\/{rel}","templated":true}]}}