{"id":4535,"date":"2016-11-03T11:00:21","date_gmt":"2016-11-03T10:00:21","guid":{"rendered":"https:\/\/cargomatic.ev2test.com\/?page_id=4535"},"modified":"2025-06-10T17:56:33","modified_gmt":"2025-06-10T16:56:33","slug":"cargomatic-vannes-56","status":"publish","type":"page","link":"https:\/\/cargomatic.ev2test.com\/en\/cargomatic-vannes-56\/","title":{"rendered":"Cargomatic Vannes (56)"},"content":{"rendered":"\n<p><strong>VANNES&nbsp;|&nbsp;CARGOMATIC 56<\/strong><\/p>\n\n\n\n<p>2 rue Antoine Saint Exup\u00e9ry<br>Zone GOHELIS<br>FR-56250 ELVEN<\/p>\n\n\n\n<p>Phone number : <a href=\"tel:+33297446656\" title=\"\">+33 2 43 56 83 83<\/a><br><a href=\"mailto:contact@cargomatic.fr\">contact@cargomatic.fr<\/a><\/p>\n\n\n\n<p><strong>The Cargomatic group<\/strong> optimizes its driving times nationwide for your <strong>transport needs from Vannes (56), Morbihan, Bretagne, Pays de la Loire,<\/strong> to the cities of Le Mans, Brest, Angers, Caen, Nantes, Chartres, Lille, M\u00e2con, Chalon-sur-Sa\u00f4ne, Paris and the whole of Ile de France to the East, North, Rh\u00f4ne-Alpes, South-West and South-East. A dedicated contact at the agency ensures <strong>personalized follow-up of your transport requests.<\/strong><\/p>\n\n\n\n<p><strong>Cargomatic 56 is the Breton branch of Cargomatic<\/strong> and has an eco-responsible organization with a local geographic network: 8 cross-docking platforms (<a href=\"\/en\/cargomatic-laval-53\/\" title=\"Cargomatic Laval (53)\">Laval 53<\/a>, <a href=\"\/en\/cargomatic-vannes-56\/\" title=\"\">Vannes 56<\/a>, <a href=\"\/en\/cargomatic-fontenay-le-comte-85\/\" title=\"\">Fontenay-le-Comte 85<\/a>, <a href=\"\/en\/cargomatic-ressons-sur-matz-60\/\" title=\"\">Ressons-sur-Matz 60<\/a>, <a href=\"\/en\/cargomatic-lyon-69\/\" title=\"\">Lyon 69<\/a>, <a href=\"\/en\/cargomatic-toulouse-31\/\" title=\"\">Toulouse 31<\/a>, <a href=\"\/en\/cargomatic-rognac-13\/\" title=\"\">Rognac 13<\/a> and <a href=\"\/en\/cargomatic-mulhouse-68\/\" title=\"\">Mulhouse 68<\/a>), multi-modal transfers with its <a href=\"\/en\/nos-moyens\/transport-multi-modal\/\" title=\"\">Greenrail brand<\/a>.<\/p>\n\n\n\n<p>Expert in sensitive deliveries, <strong>Cargomatic <\/strong>has <a href=\"\/en\/nos-moyens\/flotte\/\" title=\"\">a fleet of trucks<\/a> equipped with on-board forklifts or cranes, offering transport with handling.<br><strong>Cargomatic&#8217;s <\/strong>expertise lies in its people and in managing customer logistics from A to Z.<\/p>\n\n\n\n<p>Since 2000, <strong>Cargomatic <\/strong>has been offering <a href=\"\/en\/livraison-directe-domicile\/\" title=\"\">direct home delivery<\/a> of large parcels (heavy-long-bulky-voluminous) such as swimming pools and pool covers, spas, garden sheds, etc. throughout France, Corsica, Belgium and Switzerland. This innovative offer is an integral part of the services offered by the company. Over the years, <strong>Cargomatic <\/strong>has expanded its network throughout France and developed <a href=\"\/en\/livraison-directe-chantier\/\" title=\"\">on-site delivery<\/a> by appointment of verandas, joinery, elevators, gates and products for institutional markets.<\/p>\n\n\n\n<p><strong>Our customer service is at your service for all your requests. Our meticulous approach means you can be sure of an impeccable e-reputation.<\/strong><\/p>\n","protected":false},"excerpt":{"rendered":"<p>VANNES&nbsp;|&nbsp;CARGOMATIC 56 2 rue Antoine Saint Exup\u00e9ryZone GOHELISFR-56250 ELVEN Phone number : +33 2 43 56 83 83contact@cargomatic.fr The Cargomatic group optimizes its driving times nationwide for your transport needs from Vannes (56), Morbihan, Bretagne, Pays de la Loire, to the cities of Le Mans, Brest, Angers, Caen, Nantes, Chartres, Lille, M\u00e2con, Chalon-sur-Sa\u00f4ne, Paris and [&hellip;]<\/p>\n","protected":false},"author":1,"featured_media":0,"parent":0,"menu_order":0,"comment_status":"closed","ping_status":"closed","template":"","meta":{"_acf_changed":false,"footnotes":""},"class_list":["post-4535","page","type-page","status-publish","hentry"],"acf":[],"aioseo_notices":[],"_links":{"self":[{"href":"https:\/\/cargomatic.ev2test.com\/en\/wp-json\/wp\/v2\/pages\/4535","targetHints":{"allow":["GET"]}}],"collection":[{"href":"https:\/\/cargomatic.ev2test.com\/en\/wp-json\/wp\/v2\/pages"}],"about":[{"href":"https:\/\/cargomatic.ev2test.com\/en\/wp-json\/wp\/v2\/types\/page"}],"author":[{"embeddable":true,"href":"https:\/\/cargomatic.ev2test.com\/en\/wp-json\/wp\/v2\/users\/1"}],"replies":[{"embeddable":true,"href":"https:\/\/cargomatic.ev2test.com\/en\/wp-json\/wp\/v2\/comments?post=4535"}],"version-history":[{"count":2,"href":"https:\/\/cargomatic.ev2test.com\/en\/wp-json\/wp\/v2\/pages\/4535\/revisions"}],"predecessor-version":[{"id":6428,"href":"https:\/\/cargomatic.ev2test.com\/en\/wp-json\/wp\/v2\/pages\/4535\/revisions\/6428"}],"wp:attachment":[{"href":"https:\/\/cargomatic.ev2test.com\/en\/wp-json\/wp\/v2\/media?parent=4535"}],"curies":[{"name":"wp","href":"https:\/\/api.w.org\/{rel}","templated":true}]}}