{"id":4547,"date":"2023-01-11T09:04:48","date_gmt":"2023-01-11T08:04:48","guid":{"rendered":"https:\/\/cargomatic.ev2test.com\/?page_id=4547"},"modified":"2024-05-30T13:53:15","modified_gmt":"2024-05-30T12:53:15","slug":"cargomatic-mulhouse-68","status":"publish","type":"page","link":"https:\/\/cargomatic.ev2test.com\/en\/cargomatic-mulhouse-68\/","title":{"rendered":"Cargomatic Mulhouse (68)"},"content":{"rendered":"<p><strong>MULHOUSE | CARGOMATIC<\/strong><\/p>\n<p>Cross-docking platform<\/p>\n<p>Phone number : <a href=\"tel:+33243568383\">+33 2 43 56 83 83<\/a><br \/>\n<a href=\"mailto:contact@cargomatic.fr\">contact@cargomatic.fr<\/a><\/p>\n<p><strong>The Cargomatic group<\/strong> optimizes its driving times nationwide for your <strong>transport needs from Mulhouse (68), transport from Alsace, transport from the Grand-Est region,<\/strong> to the cities of Le Mans, Brest, Angers, Caen, Nantes, Chartres, Lille, M\u00e2con, Chalon sur Sa\u00f4ne, Paris and the whole of Ile de France to the Nord, Rh\u00f4ne-Alpes, Sud-Ouest and Sud-Est regions. A dedicated contact at the agency ensures <strong>personalized follow-up of your transport requests.<\/strong><\/p>\n<p><strong>Our cross-docking platform in Mulhouse<\/strong> enables our customers in Mulhouse and Alsace to be served very quickly for deliveries throughout France.<\/p>\n<p style=\"text-align: justify;\">The group has an eco-responsible organization with a local geographic network: 8 cross-docking platforms (<a title=\"\" href=\"\/en\/cargomatic-laval-53\/\">Laval 53<\/a>, <a title=\"\" href=\"\/en\/cargomatic-vannes-56\/\">Vannes 56<\/a>, <a title=\"\" href=\"\/en\/cargomatic-fontenay-le-comte-85\/\">Fontenay-le-Comte 85<\/a>, <a title=\"\" href=\"\/en\/cargomatic-ressons-sur-matz-60\/\">Ressons-sur-Matz 60<\/a>, <a title=\"\" href=\"\/en\/cargomatic-lyon-69\/\">Lyon 69<\/a>, <a title=\"\" href=\"\/en\/cargomatic-toulouse-31\/\">Toulouse 31<\/a>, <a title=\"\" href=\"\/en\/cargomatic-rognac-13\/\">Rognac 13<\/a> and <a title=\"\" href=\"\/en\/cargomatic-mulhouse-68\/\">Mulhouse 68<\/a>), multi-modal transfers with its <a title=\"\" href=\"\/en\/nos-moyens\/transport-multi-modal\/\">Greenrail brand.<\/a><\/p>\n<p style=\"text-align: justify;\"><strong>Rigor, reliability and responsiveness<\/strong> sum up our corporate culture. This means that employees are very close to customer requirements.<\/p>\n<p style=\"text-align: justify;\">Expert in sensitive deliveries, <strong>Cargomatic<\/strong> has <a title=\"\" href=\"\/en\/nos-moyens\/flotte\/\">a fleet of trucks<\/a> equipped with on-board forklifts or cranes, offering transport with handling.<br \/>\n<strong>Cargomatic&#8217;s<\/strong> <strong>expertise<\/strong> lies in its people and in the A to Z management of customer logistics.<\/p>\n<p style=\"text-align: justify;\">Since 2000, <strong>Cargomatic <\/strong>has been offering <a title=\"\" href=\"\/en\/livraison-directe-domicile\/\">direct home delivery<\/a> of large parcels (heavy-long-bulky-voluminous) such as swimming pools and pool covers, spas, garden sheds, etc. throughout France, Corsica, Belgium and Switzerland. An innovative concept that has become an integral part of the services offered by companies. Over the years, <strong>Cargomatic <\/strong>has expanded its network throughout France and developed <a title=\"\" href=\"\/en\/livraison-directe-chantier\/\">on-site delivery<\/a> by appointment of verandas, joinery, elevators, gates and products for institutional markets.<\/p>\n","protected":false},"excerpt":{"rendered":"<p>MULHOUSE | CARGOMATIC Cross-docking platform Phone number : +33 2 43 56 83 83 contact@cargomatic.fr The Cargomatic group optimizes its driving times nationwide for your transport needs from Mulhouse (68), transport from Alsace, transport from the Grand-Est region, to the cities of Le Mans, Brest, Angers, Caen, Nantes, Chartres, Lille, M\u00e2con, Chalon sur Sa\u00f4ne, Paris [&hellip;]<\/p>\n","protected":false},"author":1,"featured_media":0,"parent":0,"menu_order":0,"comment_status":"closed","ping_status":"closed","template":"","meta":{"_acf_changed":false,"footnotes":""},"class_list":["post-4547","page","type-page","status-publish","hentry"],"acf":[],"aioseo_notices":[],"_links":{"self":[{"href":"https:\/\/cargomatic.ev2test.com\/en\/wp-json\/wp\/v2\/pages\/4547","targetHints":{"allow":["GET"]}}],"collection":[{"href":"https:\/\/cargomatic.ev2test.com\/en\/wp-json\/wp\/v2\/pages"}],"about":[{"href":"https:\/\/cargomatic.ev2test.com\/en\/wp-json\/wp\/v2\/types\/page"}],"author":[{"embeddable":true,"href":"https:\/\/cargomatic.ev2test.com\/en\/wp-json\/wp\/v2\/users\/1"}],"replies":[{"embeddable":true,"href":"https:\/\/cargomatic.ev2test.com\/en\/wp-json\/wp\/v2\/comments?post=4547"}],"version-history":[{"count":0,"href":"https:\/\/cargomatic.ev2test.com\/en\/wp-json\/wp\/v2\/pages\/4547\/revisions"}],"wp:attachment":[{"href":"https:\/\/cargomatic.ev2test.com\/en\/wp-json\/wp\/v2\/media?parent=4547"}],"curies":[{"name":"wp","href":"https:\/\/api.w.org\/{rel}","templated":true}]}}