{"id":4552,"date":"2016-11-03T10:43:28","date_gmt":"2016-11-03T09:43:28","guid":{"rendered":"https:\/\/cargomatic.ev2test.com\/cargomatic-lyon-69\/"},"modified":"2024-05-30T13:53:08","modified_gmt":"2024-05-30T12:53:08","slug":"cargomatic-lyon-69","status":"publish","type":"page","link":"https:\/\/cargomatic.ev2test.com\/en\/cargomatic-lyon-69\/","title":{"rendered":"Cargomatic Lyon (69)"},"content":{"rendered":"\n<p><strong>LYON |&nbsp;AZERGUES LOGISTICS<\/strong><\/p>\n\n\n\n<p>ZA des Haies<br>170 All\u00e9e des Haies<br>69380 MORANCE<\/p>\n\n\n\n<p>Tel\u00a0: <a href=\"tel:+33478430000\" title=\"\">+33 4\u00a078 43 00 00<\/a><br><a href=\"mailto:contact@cargomatic.fr\">contact@cargomatic.fr<\/a><\/p>\n\n\n\n<p><strong>The Cargomatic group<\/strong> optimizes its driving times for you nationwide, for <strong>transport from Lyon (69), Moranc\u00e9, transport from Rh\u00f4ne-Alpes, transport from Provence-Alpes-C\u00f4te d&#8217;Azur<\/strong> to Le Mans, Brest, Angers, Caen, Nantes, Chartres, Lille, M\u00e2con, Chalon-sur-Sa\u00f4ne, Paris and all Ile de France to the East, North, Rh\u00f4ne-Alpes, South-West, South-East\u2026 A dedicated contact within the agency ensures <strong>personalized follow-up of your transport requests.<\/strong><\/p>\n\n\n\n<p>Our staff, true ambassadors of your brand, are attentive to customer requirements: rigorous, reliable and responsive.<\/p>\n\n\n\n<p><strong>Azergues logistics is the Lyon branch of Cargomatic,<\/strong> the group&#8217;s eco-responsible organization with local geographic coverage: <span style=\"font-weight: 400;\">8 cross-docking platforms (<a href=\"\/en\/cargomatic-laval-53\/\" title=\"\">Laval 53<\/a>, <a href=\"\/en\/cargomatic-vannes-56\/\" title=\"\">Vannes 56<\/a>, <a href=\"\/en\/cargomatic-fontenay-le-comte-85\/\" title=\"\">Fontenay-le-Comte 85<\/a>, <a href=\"\/en\/cargomatic-ressons-sur-matz-60\/\" title=\"\">Ressons-sur-Matz 60<\/a>, <a href=\"\/en\/cargomatic-lyon-69\/\" title=\"\">Lyon 69<\/a>, <a href=\"\/en\/cargomatic-toulouse-31\/\" title=\"\">Toulouse 31<\/a>, <a href=\"\/en\/cargomatic-rognac-13\/\" title=\"\">Rognac 13<\/a> and <a href=\"\/en\/cargomatic-mulhouse-68\/\" title=\"\">Mulhouse 68<\/a>), multi-modal transfers with its <a href=\"\/en\/nos-moyens\/transport-multi-modal\/\" title=\"\">Greenrail brand.<\/a><\/span><\/p>\n\n\n\n<p><span style=\"font-weight: 400;\">Expert in sensitive deliveries, <strong>Cargomatic<\/strong> has <a href=\"\/en\/nos-moyens\/flotte\/\" title=\"\">a fleet of trucks<\/a> equipped with on-board forklifts or cranes, offering transport with handling.<br><strong>Cargomatic&#8217;s<\/strong> <strong>expertise<\/strong> lies in its people and in the A to Z management of customer logistics.<\/span><\/p>\n\n\n\n<p>Since 2000, <strong>Cargomatic <\/strong>has been offering <a href=\"\/en\/livraison-directe-domicile\/\" title=\"\">direct home delivery<\/a> of large parcels (heavy-long-bulky-voluminous) such as swimming pools and pool covers, spas, garden sheds, etc. throughout France, Corsica, Belgium and Switzerland. An innovative concept that has become an integral part of the services offered by companies. Over the years, <strong>Cargomatic <\/strong>has expanded its network throughout France and developed <a href=\"\/en\/livraison-directe-chantier\/\" title=\"\">on-site delivery<\/a> by appointment of verandas, joinery, elevators, gates and products for institutional markets.<\/p>\n","protected":false},"excerpt":{"rendered":"<p>LYON |&nbsp;AZERGUES LOGISTICS ZA des Haies170 All\u00e9e des Haies69380 MORANCE Tel\u00a0: +33 4\u00a078 43 00 00contact@cargomatic.fr The Cargomatic group optimizes its driving times for you nationwide, for transport from Lyon (69), Moranc\u00e9, transport from Rh\u00f4ne-Alpes, transport from Provence-Alpes-C\u00f4te d&#8217;Azur to Le Mans, Brest, Angers, Caen, Nantes, Chartres, Lille, M\u00e2con, Chalon-sur-Sa\u00f4ne, Paris and all Ile de [&hellip;]<\/p>\n","protected":false},"author":1,"featured_media":0,"parent":0,"menu_order":0,"comment_status":"closed","ping_status":"closed","template":"","meta":{"_acf_changed":false,"footnotes":""},"class_list":["post-4552","page","type-page","status-publish","hentry"],"acf":[],"aioseo_notices":[],"_links":{"self":[{"href":"https:\/\/cargomatic.ev2test.com\/en\/wp-json\/wp\/v2\/pages\/4552","targetHints":{"allow":["GET"]}}],"collection":[{"href":"https:\/\/cargomatic.ev2test.com\/en\/wp-json\/wp\/v2\/pages"}],"about":[{"href":"https:\/\/cargomatic.ev2test.com\/en\/wp-json\/wp\/v2\/types\/page"}],"author":[{"embeddable":true,"href":"https:\/\/cargomatic.ev2test.com\/en\/wp-json\/wp\/v2\/users\/1"}],"replies":[{"embeddable":true,"href":"https:\/\/cargomatic.ev2test.com\/en\/wp-json\/wp\/v2\/comments?post=4552"}],"version-history":[{"count":0,"href":"https:\/\/cargomatic.ev2test.com\/en\/wp-json\/wp\/v2\/pages\/4552\/revisions"}],"wp:attachment":[{"href":"https:\/\/cargomatic.ev2test.com\/en\/wp-json\/wp\/v2\/media?parent=4552"}],"curies":[{"name":"wp","href":"https:\/\/api.w.org\/{rel}","templated":true}]}}