{"id":4555,"date":"2016-11-03T11:11:47","date_gmt":"2016-11-03T10:11:47","guid":{"rendered":"https:\/\/cargomatic.ev2test.com\/?page_id=4555"},"modified":"2024-05-30T13:53:36","modified_gmt":"2024-05-30T12:53:36","slug":"cargomatic-toulouse-31","status":"publish","type":"page","link":"https:\/\/cargomatic.ev2test.com\/en\/cargomatic-toulouse-31\/","title":{"rendered":"Cargomatic Toulouse (31)"},"content":{"rendered":"\n<p><strong>TOULOUSE&nbsp;|&nbsp;CARGOMATIC<\/strong><\/p>\n\n\n\n<p>Cross-docking platform<\/p>\n\n\n\n<p>Tel : <a href=\"tel:+33243568383\">+33 2 43 56 83 83<\/a><br><a href=\"mailto:contact@cargomatic.fr\">contact@cargomatic.fr<\/a><\/p>\n\n\n\n<p><strong>The Cargomatic group<\/strong> optimizes its driving times for you nationwide <strong>for transport from Toulouse (31), transport from the Midi-Pyr\u00e9n\u00e9es, transport from the South-West,<\/strong> to the cities of Le Mans, Brest, Angers, Caen, Nantes, Chartres, Lille, M\u00e2con, Chalon sur Sa\u00f4ne, Paris and the whole of Ile de France to the East, North, Rh\u00f4ne-Alpes, South-West and South-East. A dedicated contact at the agency ensures <strong>personalized follow-up of your transport requests.<\/strong><\/p>\n\n\n\n<p><strong>Our cross-docking platform in Toulouse<\/strong> enables our customers in Toulouse and the Midi-Pyr\u00e9n\u00e9es to be served within very short lead times for deliveries throughout France.<\/p>\n\n\n\n<p>The group has an eco-responsible organization with a local geographic network: <span style=\"font-weight: 400;\">8 cross-docking platforms (<a href=\"\/en\/cargomatic-laval-53\/\" title=\"\">Laval 53<\/a>, <a href=\"\/en\/cargomatic-vannes-56\/\" title=\"\">Vannes 56<\/a>, <a href=\"\/en\/cargomatic-fontenay-le-comte-85\/\" title=\"\">Fontenay-le-Comte 85<\/a>, <a href=\"\/en\/cargomatic-ressons-sur-matz-60\/\" title=\"\">Ressons-sur-Matz 60<\/a>, <a href=\"\/en\/cargomatic-lyon-69\/\" title=\"\">Lyon 69<\/a>, <a href=\"\/en\/cargomatic-toulouse-31\/\" title=\"\">Toulouse 31<\/a>, <a href=\"\/en\/cargomatic-rognac-13\/\" title=\"\">Rognac 13<\/a> and <a href=\"\/en\/cargomatic-mulhouse-68\/\" title=\"\">Mulhouse 68<\/a>), multi-modal transfers with its <a href=\"\/en\/nos-moyens\/transport-multi-modal\/\" title=\"\">Greenrail brand.<\/a><\/span><\/p>\n\n\n\n<p><strong>Rigor, reliability and responsiveness<\/strong> sum up our corporate culture. This means that employees are very close to customer needs.<\/p>\n\n\n\n<p><span style=\"font-weight: 400;\">Expert in sensitive deliveries, <strong>Cargomatic<\/strong> has <a href=\"\/en\/nos-moyens\/flotte\/\" title=\"\">a fleet of trucks<\/a> equipped with on-board forklifts or cranes, offering transport with handling.<br><strong>Cargomatic&#8217;s<\/strong> <strong>expertise<\/strong> lies in its people and in the A to Z management of customer logistics.<\/span><\/p>\n\n\n\n<p>Since 2000, <strong>Cargomatic <\/strong>has been offering <a href=\"\/en\/livraison-directe-domicile\/\" title=\"\">direct home delivery<\/a> of large parcels (heavy-long-bulky-voluminous) such as swimming pools and pool covers, spas, garden sheds, etc. throughout France, Corsica, Belgium and Switzerland. An innovative concept that has become an integral part of the services offered by companies. Over the years, <strong>Cargomatic <\/strong>has expanded its network throughout France and developed <a href=\"\/en\/livraison-directe-chantier\/\" title=\"\">on-site delivery<\/a> by appointment of verandas, joinery, elevators, gates and products for institutional markets.<\/p>\n","protected":false},"excerpt":{"rendered":"<p>TOULOUSE&nbsp;|&nbsp;CARGOMATIC Cross-docking platform Tel : +33 2 43 56 83 83contact@cargomatic.fr The Cargomatic group optimizes its driving times for you nationwide for transport from Toulouse (31), transport from the Midi-Pyr\u00e9n\u00e9es, transport from the South-West, to the cities of Le Mans, Brest, Angers, Caen, Nantes, Chartres, Lille, M\u00e2con, Chalon sur Sa\u00f4ne, Paris and the whole of [&hellip;]<\/p>\n","protected":false},"author":1,"featured_media":0,"parent":0,"menu_order":0,"comment_status":"closed","ping_status":"closed","template":"","meta":{"_acf_changed":false,"footnotes":""},"class_list":["post-4555","page","type-page","status-publish","hentry"],"acf":[],"aioseo_notices":[],"_links":{"self":[{"href":"https:\/\/cargomatic.ev2test.com\/en\/wp-json\/wp\/v2\/pages\/4555","targetHints":{"allow":["GET"]}}],"collection":[{"href":"https:\/\/cargomatic.ev2test.com\/en\/wp-json\/wp\/v2\/pages"}],"about":[{"href":"https:\/\/cargomatic.ev2test.com\/en\/wp-json\/wp\/v2\/types\/page"}],"author":[{"embeddable":true,"href":"https:\/\/cargomatic.ev2test.com\/en\/wp-json\/wp\/v2\/users\/1"}],"replies":[{"embeddable":true,"href":"https:\/\/cargomatic.ev2test.com\/en\/wp-json\/wp\/v2\/comments?post=4555"}],"version-history":[{"count":0,"href":"https:\/\/cargomatic.ev2test.com\/en\/wp-json\/wp\/v2\/pages\/4555\/revisions"}],"wp:attachment":[{"href":"https:\/\/cargomatic.ev2test.com\/en\/wp-json\/wp\/v2\/media?parent=4555"}],"curies":[{"name":"wp","href":"https:\/\/api.w.org\/{rel}","templated":true}]}}