{"id":4815,"date":"2015-11-30T15:13:42","date_gmt":"2015-11-30T14:13:42","guid":{"rendered":"https:\/\/cargomatic.ev2test.com\/?page_id=4815"},"modified":"2024-05-31T10:49:03","modified_gmt":"2024-05-31T09:49:03","slug":"direct-delivery-to-site","status":"publish","type":"page","link":"https:\/\/cargomatic.ev2test.com\/en\/direct-delivery-to-site\/","title":{"rendered":"Direct delivery to site"},"content":{"rendered":"<div id=\"pl-4815\"  class=\"panel-layout\" ><div id=\"pg-4815-0\"  class=\"panel-grid panel-no-style\" ><div id=\"pgc-4815-0-0\"  class=\"panel-grid-cell\"  data-weight=\"1\" ><div id=\"panel-4815-0-0-0\" class=\"so-panel widget widget_sow-editor panel-first-child panel-last-child widgetopts-SO\" data-index=\"0\" data-style=\"{&quot;background_image_attachment&quot;:false,&quot;background_display&quot;:&quot;tile&quot;,&quot;background_image_size&quot;:&quot;full&quot;,&quot;background_image_opacity&quot;:&quot;100&quot;,&quot;border_thickness&quot;:&quot;1px&quot;}\" ><div\n\t\t\t\n\t\t\tclass=\"so-widget-sow-editor so-widget-sow-editor-base\"\n\t\t\t\n\t\t>\n<div class=\"siteorigin-widget-tinymce textwidget\">\n\t<div class=\"intro\">If you need a pick-up and delivery service direct to your worksite, or intermediate storage for your products, Cargomatic is the market benchmark for sensitive transport. You are a manufacturer, a craftsman, a website, an auction site&#8230; Cargomatic has the solution for you!<\/div>\n<h2>CARGOMATIC EXPERTISE IN DIRECT DELIVERY TO YOUR SITE<\/h2>\n<p>Deliver bulky products directly to the worksite, as close as possible to where they are to be installed, by appointment. Cargomatic delivers quickly and on time throughout France.<\/p>\n<p>Cargomatic&#8217;s expertise is in people and managing your logistics from A to Z.<\/p>\n<p><strong>Our expertise in the joinery, machine tool and institutional markets (ERDF, France telecom and SNCF) means we can provide you with an expert transport and handling service.<\/strong><\/p>\n<h2>YOUR REQUIREMENT<\/h2>\n<p>Cargomatic adapts its range of services to suit your <strong>needs<\/strong>, and your direct deliveries to construction sites will require:<\/p>\n<ul>\n<li>Site reconnaissance: validating access with the installation technicians<\/li>\n<li>An appointment<\/li>\n<li>Delivery close to the installation site<\/li>\n<\/ul>\n<p>Cargomatic has the solution with its services + direct on-site delivery.<\/p>\n<\/div>\n<\/div><\/div><\/div><\/div><div id=\"pg-4815-1\"  class=\"panel-grid panel-no-style\"  data-style=\"{&quot;background_image_attachment&quot;:false,&quot;background_display&quot;:&quot;tile&quot;,&quot;full_height&quot;:&quot;&quot;}\" ><div id=\"pgc-4815-1-0\"  class=\"panel-grid-cell\"  data-weight=\"0.34\" ><div id=\"panel-4815-1-0-0\" class=\"so-panel widget widget_sow-image panel-first-child\" data-index=\"1\" data-style=\"{&quot;background_display&quot;:&quot;tile&quot;}\" ><div\n\t\t\t\n\t\t\tclass=\"so-widget-sow-image so-widget-sow-image-default-4e6925654b7a\"\n\t\t\t\n\t\t>\n<div class=\"sow-image-container\">\n\t\t<img \n\tsrc=\"https:\/\/cargomatic.ev2test.com\/wp-content\/uploads\/2015\/11\/livraison-chauffeur-cargomatic-300x169.jpg\" width=\"300\" height=\"169\" srcset=\"https:\/\/cargomatic.ev2test.com\/wp-content\/uploads\/2015\/11\/livraison-chauffeur-cargomatic-300x169.jpg 300w, https:\/\/cargomatic.ev2test.com\/wp-content\/uploads\/2015\/11\/livraison-chauffeur-cargomatic-768x432.jpg 768w, https:\/\/cargomatic.ev2test.com\/wp-content\/uploads\/2015\/11\/livraison-chauffeur-cargomatic-1024x576.jpg 1024w, https:\/\/cargomatic.ev2test.com\/wp-content\/uploads\/2015\/11\/livraison-chauffeur-cargomatic.jpg 1500w\" sizes=\"(max-width: 300px) 100vw, 300px\" title=\"&lt;h3&gt;Des clients heureux&lt;br \/&gt;\r\n&lt;span&gt;et satisfaits de leur livraison&lt;\/span&gt;&lt;\/h3&gt;\r\n&lt;p&gt;dans des d\u00e9lais r\u00e9actifs et respect\u00e9s&lt;\/p&gt;\" alt=\"\" \t\tclass=\"so-widget-image\"\/>\n\t<\/div>\n\n<\/div><\/div><div id=\"panel-4815-1-0-1\" class=\"so-panel widget widget_sow-image\" data-index=\"2\" data-style=\"{&quot;background_display&quot;:&quot;tile&quot;}\" ><div\n\t\t\t\n\t\t\tclass=\"so-widget-sow-image so-widget-sow-image-default-4e6925654b7a\"\n\t\t\t\n\t\t>\n<div class=\"sow-image-container\">\n\t\t<img \n\tsrc=\"https:\/\/cargomatic.ev2test.com\/wp-content\/uploads\/2016\/08\/69Cargomatic-300x199.png\" width=\"300\" height=\"199\" srcset=\"https:\/\/cargomatic.ev2test.com\/wp-content\/uploads\/2016\/08\/69Cargomatic-300x199.png 300w, https:\/\/cargomatic.ev2test.com\/wp-content\/uploads\/2016\/08\/69Cargomatic.png 709w\" sizes=\"(max-width: 300px) 100vw, 300px\" title=\"&lt;h3&gt;A chacun sa box&lt;\/h3&gt;\" alt=\"\" \t\tclass=\"so-widget-image\"\/>\n\t<\/div>\n\n<\/div><\/div><div id=\"panel-4815-1-0-2\" class=\"so-panel widget widget_sow-image panel-last-child\" data-index=\"3\" data-style=\"{&quot;background_image_attachment&quot;:false,&quot;background_display&quot;:&quot;tile&quot;}\" ><div\n\t\t\t\n\t\t\tclass=\"so-widget-sow-image so-widget-sow-image-default-4e6925654b7a\"\n\t\t\t\n\t\t>\n<div class=\"sow-image-container\">\n\t\t<img \n\tsrc=\"https:\/\/cargomatic.ev2test.com\/wp-content\/uploads\/2016\/11\/Patrick-QUINIOU-300x200.jpg\" width=\"300\" height=\"200\" srcset=\"https:\/\/cargomatic.ev2test.com\/wp-content\/uploads\/2016\/11\/Patrick-QUINIOU-300x200.jpg 300w, https:\/\/cargomatic.ev2test.com\/wp-content\/uploads\/2016\/11\/Patrick-QUINIOU-1024x683.jpg 1024w, https:\/\/cargomatic.ev2test.com\/wp-content\/uploads\/2016\/11\/Patrick-QUINIOU-272x182.jpg 272w, https:\/\/cargomatic.ev2test.com\/wp-content\/uploads\/2016\/11\/Patrick-QUINIOU.jpg 1500w\" sizes=\"(max-width: 300px) 100vw, 300px\" title=\"patrick-quiniou\" alt=\"Transport \u00e0 la tourn\u00e9e - Conducteur camion\" \t\tclass=\"so-widget-image\"\/>\n\t<\/div>\n\n<\/div><\/div><\/div><div id=\"pgc-4815-1-1\"  class=\"panel-grid-cell\"  data-weight=\"0.66\" ><div id=\"panel-4815-1-1-0\" class=\"so-panel widget widget_sow-editor panel-first-child widgetopts-SO\" data-index=\"4\" data-style=\"{&quot;background_image_attachment&quot;:false,&quot;background_display&quot;:&quot;tile&quot;,&quot;background_image_size&quot;:&quot;full&quot;,&quot;background_image_opacity&quot;:&quot;100&quot;,&quot;border_thickness&quot;:&quot;1px&quot;}\" ><div\n\t\t\t\n\t\t\tclass=\"so-widget-sow-editor so-widget-sow-editor-base\"\n\t\t\t\n\t\t>\n<div class=\"siteorigin-widget-tinymce textwidget\">\n\t<p><strong>Initial site visit<\/strong><\/p>\n<p>We carry out a site survey to determine the handling equipment required. At the end of this visit, a written report is sent to the customer on the conditions and difficulties of accessibility for delivery.<\/p>\n<\/div>\n<\/div><\/div><div id=\"panel-4815-1-1-1\" class=\"so-panel widget widget_sow-editor widgetopts-SO\" data-index=\"5\" data-style=\"{&quot;background_image_attachment&quot;:false,&quot;background_display&quot;:&quot;tile&quot;,&quot;background_image_size&quot;:&quot;full&quot;,&quot;background_image_opacity&quot;:&quot;100&quot;,&quot;border_thickness&quot;:&quot;1px&quot;}\" ><div\n\t\t\t\n\t\t\tclass=\"so-widget-sow-editor so-widget-sow-editor-base\"\n\t\t\t\n\t\t>\n<div class=\"siteorigin-widget-tinymce textwidget\">\n\t<p><strong>Securing assets <\/strong><\/p>\n<p>On your construction sites, secure your goods and tools with our GREENBOX construction site boxes, which we can make available to you along with your goods.<\/p>\n<\/div>\n<\/div><\/div><div id=\"panel-4815-1-1-2\" class=\"so-panel widget widget_sow-editor panel-last-child widgetopts-SO\" data-index=\"6\" data-style=\"{&quot;background_image_attachment&quot;:false,&quot;background_display&quot;:&quot;tile&quot;,&quot;background_image_size&quot;:&quot;full&quot;,&quot;background_image_opacity&quot;:&quot;100&quot;,&quot;border_thickness&quot;:&quot;1px&quot;}\" ><div\n\t\t\t\n\t\t\tclass=\"so-widget-sow-editor so-widget-sow-editor-base\"\n\t\t\t\n\t\t>\n<div class=\"siteorigin-widget-tinymce textwidget\">\n\t<p>&nbsp;<\/p>\n<p><strong>Compliance insurance<\/strong><\/p>\n<p>Our insurance complies with CACES regulations. <strong>In other words, when you hire a forklift, you are obliged to have staff who are accredited with a CACES <\/strong>(a certificate of aptitude in safe driving)<strong>.<\/strong> If you fail to do so, you alone will be liable in the event of an accident. <strong>Cargomatic avoids this hassle and offers you transport and handling services with drivers who all hold an up-to-date CACES.<\/strong><\/p>\n<\/div>\n<\/div><\/div><\/div><\/div><div id=\"pg-4815-2\"  class=\"panel-grid panel-no-style\" ><div id=\"pgc-4815-2-0\"  class=\"panel-grid-cell\"  data-weight=\"1\" ><div id=\"panel-4815-2-0-0\" class=\"so-panel widget widget_sow-editor panel-first-child panel-last-child widgetopts-SO\" data-index=\"7\" data-style=\"{&quot;background_image_attachment&quot;:false,&quot;background_display&quot;:&quot;tile&quot;,&quot;background_image_size&quot;:&quot;full&quot;,&quot;background_image_opacity&quot;:&quot;100&quot;,&quot;border_thickness&quot;:&quot;1px&quot;}\" ><div\n\t\t\t\n\t\t\tclass=\"so-widget-sow-editor so-widget-sow-editor-base\"\n\t\t\t\n\t\t>\n<div class=\"siteorigin-widget-tinymce textwidget\">\n\t<p>&nbsp;<\/p>\n<div class=\"col-3 bgGris offres\">\n<h3>DEDICATED STORAGE<\/h3>\n<ul>\n<li>Management of temporary storage while waiting for a site<\/li>\n<li>Regional platform for your resellers<\/li>\n<\/ul>\n<\/div>\n<div class=\"col-3 bgGris offres\">\n<h3>YOUR CUSTOMERS ARE ALL VIPs<\/h3>\n<ul>\n<li>Appointment management<\/li>\n<li>Validation of access<\/li>\n<li>Pre-appointment reminder<\/li>\n<\/ul>\n<\/div>\n<div class=\"col-3 bgGris offres\">\n<h3>TRACEABILITY<\/h3>\n<ul>\n<li>Dedicated contact<\/li>\n<li>Management of cash on delivery<\/li>\n<li>Electronic proof of delivery<\/li>\n<\/ul>\n<\/div>\n<hr class=\"clear\" \/>\n<div class=\"transport txtVert\">Transport services for auction sites<\/div>\n<p><\/p>\n<ul class=\"wp-block-list\">\n<li><strong>A dedicated contact person:<\/strong> your dedicated contact person will make an appointment with the individual, proposing a half-day and a time slot.<\/li>\n<p> <\/p>\n<li><strong>Validation of access conditions:<\/strong> the most difficult access conditions are taken into account when the order is placed and an appointment is made by telephone with the end customer. Our drivers systematically confirm and call back your customer before the appointment.<\/li>\n<p> <\/p>\n<li><strong>Home deliveries<\/strong> are made by trailer trucks, semis or straight trucks with multi-directional on-board forklifts adapted to all types of products and terrain.<\/li>\n<p> <\/p>\n<li><strong>Our drivers manage your cash collection for cash-on-delivery,<\/strong> and our services ensure dedicated follow-up.<\/li>\n<p><\/p><\/ul>\n<\/div>\n<\/div><\/div><\/div><\/div><\/div>","protected":false},"excerpt":{"rendered":"<p>If you need a pick-up and delivery service direct to your worksite, or intermediate storage for your products, Cargomatic is the market benchmark for sensitive transport. You are a manufacturer, a craftsman, a website, an auction site&#8230; Cargomatic has the solution for you! CARGOMATIC EXPERTISE IN DIRECT DELIVERY TO YOUR SITE Deliver bulky products directly [&hellip;]<\/p>\n","protected":false},"author":1,"featured_media":0,"parent":0,"menu_order":0,"comment_status":"closed","ping_status":"closed","template":"","meta":{"_acf_changed":false,"footnotes":""},"class_list":["post-4815","page","type-page","status-publish","hentry"],"acf":[],"aioseo_notices":[],"_links":{"self":[{"href":"https:\/\/cargomatic.ev2test.com\/en\/wp-json\/wp\/v2\/pages\/4815","targetHints":{"allow":["GET"]}}],"collection":[{"href":"https:\/\/cargomatic.ev2test.com\/en\/wp-json\/wp\/v2\/pages"}],"about":[{"href":"https:\/\/cargomatic.ev2test.com\/en\/wp-json\/wp\/v2\/types\/page"}],"author":[{"embeddable":true,"href":"https:\/\/cargomatic.ev2test.com\/en\/wp-json\/wp\/v2\/users\/1"}],"replies":[{"embeddable":true,"href":"https:\/\/cargomatic.ev2test.com\/en\/wp-json\/wp\/v2\/comments?post=4815"}],"version-history":[{"count":0,"href":"https:\/\/cargomatic.ev2test.com\/en\/wp-json\/wp\/v2\/pages\/4815\/revisions"}],"wp:attachment":[{"href":"https:\/\/cargomatic.ev2test.com\/en\/wp-json\/wp\/v2\/media?parent=4815"}],"curies":[{"name":"wp","href":"https:\/\/api.w.org\/{rel}","templated":true}]}}