{"id":5160,"date":"2015-11-30T15:20:27","date_gmt":"2015-11-30T14:20:27","guid":{"rendered":"https:\/\/cargomatic.ev2test.com\/contact\/"},"modified":"2024-06-05T16:10:13","modified_gmt":"2024-06-05T15:10:13","slug":"contact","status":"publish","type":"page","link":"https:\/\/cargomatic.ev2test.com\/en\/contact\/","title":{"rendered":"Contact &#038; Quote"},"content":{"rendered":"<div id=\"pl-5160\"  class=\"panel-layout\" >\n<div id=\"pg-5160-0\"  class=\"panel-grid panel-no-style\" >\n<div id=\"pgc-5160-0-0\"  class=\"panel-grid-cell\"  data-weight=\"0.6\" >\n<div id=\"panel-5160-0-0-0\" class=\"so-panel widget widget_sow-editor panel-first-child panel-last-child widgetopts-SO\" data-index=\"0\" data-style=\"{&quot;background_image_attachment&quot;:false,&quot;background_display&quot;:&quot;tile&quot;,&quot;background_image_size&quot;:&quot;full&quot;,&quot;background_image_opacity&quot;:&quot;100&quot;,&quot;border_thickness&quot;:&quot;1px&quot;}\" >\n<div\n\t\t\t\n\t\t\tclass=\"so-widget-sow-editor so-widget-sow-editor-base\"\n\t\t\t\n\t\t><\/p>\n<div class=\"siteorigin-widget-tinymce textwidget\">\n<p>Send us your requests for information, quotes, comments or questions using the contact form below, and we&#8217;ll get back to you as soon as possible.<\/p>\n<p><strong>*Please send your application by email to rh@cargomatic.fr<\/strong><\/p>\n<\/div>\n<\/div>\n<\/div>\n<\/div>\n<div id=\"pgc-5160-0-1\"  class=\"panel-grid-cell\"  data-weight=\"0.4\" >\n<div id=\"panel-5160-0-1-0\" class=\"so-panel widget widget_black-studio-tinymce widget_black_studio_tinymce panel-first-child panel-last-child widgetopts-SO\" data-index=\"1\" data-style=\"{&quot;background_image_attachment&quot;:false,&quot;background_display&quot;:&quot;tile&quot;,&quot;background_image_size&quot;:&quot;full&quot;,&quot;background_image_opacity&quot;:&quot;100&quot;,&quot;border_thickness&quot;:&quot;1px&quot;}\" >\n<div class=\"textwidget\"><a onClick=\"ga('send', 'event', 'telephone', 'clic', 'Page contact');\" class=\"tel-contact\" href=\"tel:+33243568383\">Contact us on<br \/>+33 2 43 56 83 83<\/a><\/div>\n<\/div>\n<\/div>\n<\/div>\n<div id=\"pg-5160-1\"  class=\"panel-grid panel-no-style\" >\n<div id=\"pgc-5160-1-0\"  class=\"panel-grid-cell\"  data-weight=\"1\" >\n<div id=\"panel-5160-1-0-0\" class=\"so-panel widget widget_sow-editor panel-first-child panel-last-child widgetopts-SO\" data-index=\"2\" data-style=\"{&quot;background_image_attachment&quot;:false,&quot;background_display&quot;:&quot;tile&quot;,&quot;background_image_size&quot;:&quot;full&quot;,&quot;background_image_opacity&quot;:&quot;100&quot;,&quot;border_thickness&quot;:&quot;1px&quot;}\" >\n<div\n\t\t\t\n\t\t\tclass=\"so-widget-sow-editor so-widget-sow-editor-base\"\n\t\t\t\n\t\t><\/p>\n<div class=\"siteorigin-widget-tinymce textwidget\">\n<div class=\"wpcf7 no-js\" id=\"wpcf7-f92-o1\" lang=\"fr-FR\" dir=\"ltr\">\n<div class=\"screen-reader-response\">\n<p role=\"status\" aria-live=\"polite\" aria-atomic=\"true\">\n<ul><\/ul>\n<\/div>\n<form action=\"\/wp-admin\/post.php#wpcf7-f92-o1\" method=\"post\" class=\"wpcf7-form init\" aria-label=\"Formulaire de contact\" enctype=\"multipart\/form-data\" novalidate=\"novalidate\" data-status=\"init\">\n<div style=\"display: none;\">\n<input type=\"hidden\" name=\"_wpcf7\" value=\"92\" \/><br \/>\n<input type=\"hidden\" name=\"_wpcf7_version\" value=\"5.9.5\" \/><br \/>\n<input type=\"hidden\" name=\"_wpcf7_locale\" value=\"fr_FR\" \/><br \/>\n<input type=\"hidden\" name=\"_wpcf7_unit_tag\" value=\"wpcf7-f92-o1\" \/><br \/>\n<input type=\"hidden\" name=\"_wpcf7_container_post\" value=\"0\" \/><br \/>\n<input type=\"hidden\" name=\"_wpcf7_posted_data_hash\" value=\"\" \/><br \/>\n<input type=\"hidden\" name=\"_wpcf7_recaptcha_response\" value=\"\" \/>\n<\/div>\n<div class=\"form\">\n<fieldset>\n<legend>Votre demande<br \/>\n\t\t<\/legend>\n<div class=\"champ\">\n<p><label>Sujet*<\/label><br \/>\n<span class=\"wpcf7-form-control-wrap\" data-name=\"sujet\"><input size=\"40\" class=\"wpcf7-form-control wpcf7-text wpcf7-validates-as-required\" aria-required=\"true\" aria-invalid=\"false\" placeholder=\"\" value=\"\" type=\"text\" name=\"sujet\" \/><\/span>\n\t\t\t<\/p>\n<\/p><\/div>\n<div class=\"champ\">\n<p><label>Message*<\/label><br \/>\n<span class=\"wpcf7-form-control-wrap\" data-name=\"message\"><textarea cols=\"40\" rows=\"10\" class=\"wpcf7-form-control wpcf7-textarea wpcf7-validates-as-required\" aria-required=\"true\" aria-invalid=\"false\" placeholder=\"\" name=\"message\"><\/textarea><\/span>\n\t\t\t<\/p>\n<\/p><\/div>\n<div class=\"champ\">\n<p><label>Pi\u00e8ce jointe (limit\u00e9 \u00e0 5Mo)<\/label><br \/>\n<span class=\"wpcf7-form-control-wrap\" data-name=\"piece\"><input size=\"40\" class=\"wpcf7-form-control wpcf7-file\" accept=\".pdf,.doc,.docx,.jpg,.png\" aria-invalid=\"false\" type=\"file\" name=\"piece\" \/><\/span>\n\t\t\t<\/p>\n<\/p><\/div>\n<\/fieldset>\n<fieldset>\n<legend>Vos coordonn\u00e9es<br \/>\n\t\t<\/legend>\n<div class=\"col1-2\">\n<div class=\"champ\">\n<p><label>Nom*<\/label><br \/>\n<span class=\"wpcf7-form-control-wrap\" data-name=\"nom\"><input size=\"40\" class=\"wpcf7-form-control wpcf7-text wpcf7-validates-as-required\" aria-required=\"true\" aria-invalid=\"false\" placeholder=\"\" value=\"\" type=\"text\" name=\"nom\" \/><\/span>\n\t\t\t\t<\/p>\n<\/p><\/div>\n<div class=\"champ\">\n<p><label>Pr\u00e9nom*<\/label><br \/>\n<span class=\"wpcf7-form-control-wrap\" data-name=\"prenom\"><input size=\"40\" class=\"wpcf7-form-control wpcf7-text wpcf7-validates-as-required\" aria-required=\"true\" aria-invalid=\"false\" placeholder=\"\" value=\"\" type=\"text\" name=\"prenom\" \/><\/span>\n\t\t\t\t<\/p>\n<\/p><\/div>\n<div class=\"champ\">\n<p><label>Adresse*<\/label><br \/>\n<span class=\"wpcf7-form-control-wrap\" data-name=\"adresse\"><input size=\"40\" class=\"wpcf7-form-control wpcf7-text wpcf7-validates-as-required\" aria-required=\"true\" aria-invalid=\"false\" placeholder=\"\" value=\"\" type=\"text\" name=\"adresse\" \/><\/span>\n\t\t\t\t<\/p>\n<\/p><\/div>\n<div class=\"champ\">\n<p><label>Code postal*<\/label><br \/>\n<span class=\"wpcf7-form-control-wrap\" data-name=\"code_postal\"><input size=\"40\" class=\"wpcf7-form-control wpcf7-text wpcf7-validates-as-required\" aria-required=\"true\" aria-invalid=\"false\" placeholder=\"\" value=\"\" type=\"text\" name=\"code_postal\" \/><\/span>\n\t\t\t\t<\/p>\n<\/p><\/div>\n<div class=\"champ\">\n<p><label>Ville*<\/label><br \/>\n<span class=\"wpcf7-form-control-wrap\" data-name=\"ville\"><input size=\"40\" class=\"wpcf7-form-control wpcf7-text wpcf7-validates-as-required\" aria-required=\"true\" aria-invalid=\"false\" placeholder=\"\" value=\"\" type=\"text\" name=\"ville\" \/><\/span>\n\t\t\t\t<\/p>\n<\/p><\/div>\n<\/p><\/div>\n<div class=\"col1-2\">\n<div class=\"champ\">\n<p><label>Soci\u00e9t\u00e9<\/label><br \/>\n<span class=\"wpcf7-form-control-wrap\" data-name=\"societe\"><input size=\"40\" class=\"wpcf7-form-control wpcf7-text\" aria-invalid=\"false\" placeholder=\"\" value=\"\" type=\"text\" name=\"societe\" \/><\/span>\n\t\t\t\t<\/p>\n<\/p><\/div>\n<div class=\"champ\">\n<p><label>Email*<\/label><br \/>\n<span class=\"wpcf7-form-control-wrap\" data-name=\"email\"><input size=\"40\" class=\"wpcf7-form-control wpcf7-email wpcf7-validates-as-required wpcf7-text wpcf7-validates-as-email\" aria-required=\"true\" aria-invalid=\"false\" placeholder=\"\" value=\"\" type=\"email\" name=\"email\" \/><\/span>\n\t\t\t\t<\/p>\n<\/p><\/div>\n<div class=\"champ\">\n<p><label>T\u00e9l\u00e9phone*<\/label><br \/>\n<span class=\"wpcf7-form-control-wrap\" data-name=\"telephone\"><input size=\"40\" class=\"wpcf7-form-control wpcf7-tel wpcf7-validates-as-required wpcf7-text wpcf7-validates-as-tel\" aria-required=\"true\" aria-invalid=\"false\" placeholder=\"\" value=\"\" type=\"tel\" name=\"telephone\" \/><\/span>\n\t\t\t\t<\/p>\n<\/p><\/div>\n<div class=\"champ\">\n<p><label>Mobile<\/label><br \/>\n<span class=\"wpcf7-form-control-wrap\" data-name=\"mobile\"><input size=\"40\" class=\"wpcf7-form-control wpcf7-tel wpcf7-text wpcf7-validates-as-tel\" aria-invalid=\"false\" placeholder=\"\" value=\"\" type=\"tel\" name=\"mobile\" \/><\/span>\n\t\t\t\t<\/p>\n<\/p><\/div>\n<div class=\"champ\">\n<p><label>Type de service*<\/label><br \/>\n<span class=\"wpcf7-form-control-wrap\" data-name=\"services_professionnel\"><select class=\"wpcf7-form-control wpcf7-select wpcf7-validates-as-required\" aria-required=\"true\" aria-invalid=\"false\" name=\"services_professionnel\"><option value=\"\">&#8212;Veuillez choisir une option&#8212;<\/option><option value=\"Livraison directe domicile\">Livraison directe domicile<\/option><option value=\"Livraison directe chantier\">Livraison directe chantier<\/option><option value=\"Logistique et transport\">Logistique et transport<\/option><option value=\"Transport \u00e0 la demande\">Transport \u00e0 la demande<\/option><option value=\"Location avec conducteur\">Location avec conducteur<\/option><option value=\"Location de box\">Location de box<\/option><option value=\"Autre\">Autre<\/option><\/select><\/span>\n\t\t\t\t<\/p>\n<\/p><\/div>\n<\/p><\/div>\n<hr class=\"clear\" \/>\n<fieldset>\n<hr class=\"clear\" \/>\n<p><input class=\"wpcf7-form-control wpcf7-submit has-spinner\" type=\"submit\" value=\"Envoyer\" \/>\n\t\t\t<\/p>\n<p>\t\t<span class=\"wpcf7-form-control-wrap recaptcha\" data-name=\"recaptcha\"><span data-sitekey=\"6LdYkiYpAAAAAPVMS915ogfkF7fMZbe_WZWQTF4m\" class=\"wpcf7-form-control wpcf7-recaptcha g-recaptcha\"><\/span><br \/>\n<noscript><\/p>\n<div class=\"grecaptcha-noscript\">\n\t\t<iframe loading=\"lazy\" src=\"https:\/\/www.google.com\/recaptcha\/api\/fallback?k=6LdYkiYpAAAAAPVMS915ogfkF7fMZbe_WZWQTF4m\" frameborder=\"0\" scrolling=\"no\" width=\"310\" height=\"430\"><br \/>\n\t\t<\/iframe><br \/>\n\t\t<textarea name=\"g-recaptcha-response\" rows=\"3\" cols=\"40\" placeholder=\"reCaptcha Response Here\"><br \/>\n\t\t<\/textarea>\n\t<\/div>\n<p><\/noscript><br \/>\n<\/span><br \/>\n\t\t<\/fieldset>\n<\/fieldset>\n<\/div>\n<div class=\"wpcf7-response-output\" aria-hidden=\"true\"><\/div>\n<\/form>\n<\/div>\n<p><small>In accordance with the French Data Protection Act of 6 January 1978, you have the right to access, rectify and object to any personal data held about you.<\/small><\/div>\n<\/div>\n<\/div>\n<\/div>\n<\/div>\n<\/div>\n","protected":false},"excerpt":{"rendered":"<p>Send us your requests for information, quotes, comments or questions using the contact form below, and we&#8217;ll get back to you as soon as possible. *Please send your application by email to rh@cargomatic.fr Contact us on+33 2 43 56 83 83 Votre demande Sujet* Message* Pi\u00e8ce jointe (limit\u00e9 \u00e0 5Mo) Vos coordonn\u00e9es Nom* Pr\u00e9nom* Adresse* [&hellip;]<\/p>\n","protected":false},"author":1,"featured_media":0,"parent":0,"menu_order":0,"comment_status":"closed","ping_status":"closed","template":"","meta":{"_acf_changed":false,"footnotes":""},"class_list":["post-5160","page","type-page","status-publish","hentry"],"acf":[],"aioseo_notices":[],"_links":{"self":[{"href":"https:\/\/cargomatic.ev2test.com\/en\/wp-json\/wp\/v2\/pages\/5160","targetHints":{"allow":["GET"]}}],"collection":[{"href":"https:\/\/cargomatic.ev2test.com\/en\/wp-json\/wp\/v2\/pages"}],"about":[{"href":"https:\/\/cargomatic.ev2test.com\/en\/wp-json\/wp\/v2\/types\/page"}],"author":[{"embeddable":true,"href":"https:\/\/cargomatic.ev2test.com\/en\/wp-json\/wp\/v2\/users\/1"}],"replies":[{"embeddable":true,"href":"https:\/\/cargomatic.ev2test.com\/en\/wp-json\/wp\/v2\/comments?post=5160"}],"version-history":[{"count":0,"href":"https:\/\/cargomatic.ev2test.com\/en\/wp-json\/wp\/v2\/pages\/5160\/revisions"}],"wp:attachment":[{"href":"https:\/\/cargomatic.ev2test.com\/en\/wp-json\/wp\/v2\/media?parent=5160"}],"curies":[{"name":"wp","href":"https:\/\/api.w.org\/{rel}","templated":true}]}}